{"id":9,"date":"2024-09-04T17:18:43","date_gmt":"2024-09-04T17:18:43","guid":{"rendered":"http:\/\/tomaszbuss.pl\/?page_id=9"},"modified":"2025-12-11T13:55:46","modified_gmt":"2025-12-11T13:55:46","slug":"informacje","status":"publish","type":"page","link":"http:\/\/tomaszbuss.pl\/","title":{"rendered":"Gdzie jest m\u00f3j gabinet?"},"content":{"rendered":"\n<p>ul. Turzycowa 16\/2, 80-174 Gda\u0144sk<\/p>\n\n\n\n<p>wej\u015bcie znajduje si\u0119 bezpo\u015brednio od strony ulicy Turzycowej.<\/p>\n\n\n\n<figure class=\"wp-block-gallery has-nested-images columns-default is-cropped wp-block-gallery-1 is-layout-flex\">\n<figure class=\"wp-block-image size-large\"><img decoding=\"async\" loading=\"lazy\" width=\"768\" height=\"1024\" data-id=\"132\"  src=\"http:\/\/tomaszbuss.pl\/wp-content\/uploads\/2025\/12\/IMG_1923-768x1024.jpg\" alt=\"\" class=\"wp-image-132\" srcset=\"http:\/\/tomaszbuss.pl\/wp-content\/uploads\/2025\/12\/IMG_1923-768x1024.jpg 768w, http:\/\/tomaszbuss.pl\/wp-content\/uploads\/2025\/12\/IMG_1923-225x300.jpg 225w, http:\/\/tomaszbuss.pl\/wp-content\/uploads\/2025\/12\/IMG_1923-1152x1536.jpg 1152w, http:\/\/tomaszbuss.pl\/wp-content\/uploads\/2025\/12\/IMG_1923.jpg 1200w\" sizes=\"(max-width: 767px) 89vw, (max-width: 1000px) 54vw, (max-width: 1071px) 543px, 580px\" \/><\/figure>\n\n\n\n<figure class=\"wp-block-image size-large\"><img decoding=\"async\" loading=\"lazy\" width=\"1024\" height=\"767\" data-id=\"129\"  src=\"http:\/\/tomaszbuss.pl\/wp-content\/uploads\/2025\/12\/1000004305-1024x767.jpg\" alt=\"\" class=\"wp-image-129\" srcset=\"http:\/\/tomaszbuss.pl\/wp-content\/uploads\/2025\/12\/1000004305-1024x767.jpg 1024w, http:\/\/tomaszbuss.pl\/wp-content\/uploads\/2025\/12\/1000004305-300x225.jpg 300w, http:\/\/tomaszbuss.pl\/wp-content\/uploads\/2025\/12\/1000004305-768x576.jpg 768w, http:\/\/tomaszbuss.pl\/wp-content\/uploads\/2025\/12\/1000004305-1536x1151.jpg 1536w, http:\/\/tomaszbuss.pl\/wp-content\/uploads\/2025\/12\/1000004305.jpg 1600w\" sizes=\"(max-width: 767px) 89vw, (max-width: 1000px) 54vw, (max-width: 1071px) 543px, 580px\" \/><\/figure>\n<\/figure>\n\n\n\n<p><\/p>\n\n\n\n<iframe src=\"https:\/\/www.google.com\/maps\/embed?pb=!1m18!1m12!1m3!1d2326.545306134913!2d18.554329377111586!3d54.32966937259081!2m3!1f0!2f0!3f0!3m2!1i1024!2i768!4f13.1!3m3!1m2!1s0x46fd753194d8b8d5%3A0x257341b1119ca70a!2sdr%20n.med.%20Tomasz%20Buss%20-%20endokrynolog%2C%20gabinet%20prywatny!5e0!3m2!1spl!2spl!4v1725528949798!5m2!1spl!2spl\" width=\"600\" height=\"450\" style=\"border:0;\" allowfullscreen=\"\" loading=\"lazy\" referrerpolicy=\"no-referrer-when-downgrade\"><\/iframe>\n\n\n\n<figure class=\"wp-block-gallery has-nested-images columns-default is-cropped wp-block-gallery-3 is-layout-flex\">\n<figure class=\"wp-block-image size-large\"><img decoding=\"async\" loading=\"lazy\" width=\"1024\" height=\"768\" data-id=\"130\"  src=\"http:\/\/tomaszbuss.pl\/wp-content\/uploads\/2025\/12\/1000004307-1024x768.jpg\" alt=\"\" class=\"wp-image-130\" srcset=\"http:\/\/tomaszbuss.pl\/wp-content\/uploads\/2025\/12\/1000004307-1024x768.jpg 1024w, http:\/\/tomaszbuss.pl\/wp-content\/uploads\/2025\/12\/1000004307-300x225.jpg 300w, http:\/\/tomaszbuss.pl\/wp-content\/uploads\/2025\/12\/1000004307-768x576.jpg 768w, http:\/\/tomaszbuss.pl\/wp-content\/uploads\/2025\/12\/1000004307-1536x1152.jpg 1536w, http:\/\/tomaszbuss.pl\/wp-content\/uploads\/2025\/12\/1000004307.jpg 1600w\" sizes=\"(max-width: 767px) 89vw, (max-width: 1000px) 54vw, (max-width: 1071px) 543px, 580px\" \/><\/figure>\n\n\n\n<figure class=\"wp-block-image size-large\"><img decoding=\"async\" loading=\"lazy\" width=\"1024\" height=\"767\" data-id=\"129\"  src=\"http:\/\/tomaszbuss.pl\/wp-content\/uploads\/2025\/12\/1000004305-1024x767.jpg\" alt=\"\" class=\"wp-image-129\" srcset=\"http:\/\/tomaszbuss.pl\/wp-content\/uploads\/2025\/12\/1000004305-1024x767.jpg 1024w, http:\/\/tomaszbuss.pl\/wp-content\/uploads\/2025\/12\/1000004305-300x225.jpg 300w, http:\/\/tomaszbuss.pl\/wp-content\/uploads\/2025\/12\/1000004305-768x576.jpg 768w, http:\/\/tomaszbuss.pl\/wp-content\/uploads\/2025\/12\/1000004305-1536x1151.jpg 1536w, http:\/\/tomaszbuss.pl\/wp-content\/uploads\/2025\/12\/1000004305.jpg 1600w\" sizes=\"(max-width: 767px) 89vw, (max-width: 1000px) 54vw, (max-width: 1071px) 543px, 580px\" \/><\/figure>\n\n\n\n<figure class=\"wp-block-image size-large\"><img decoding=\"async\" loading=\"lazy\" width=\"1024\" height=\"768\" data-id=\"134\"  src=\"http:\/\/tomaszbuss.pl\/wp-content\/uploads\/2025\/12\/IMG_9341-1024x768.jpg\" alt=\"\" class=\"wp-image-134\" srcset=\"http:\/\/tomaszbuss.pl\/wp-content\/uploads\/2025\/12\/IMG_9341-1024x768.jpg 1024w, http:\/\/tomaszbuss.pl\/wp-content\/uploads\/2025\/12\/IMG_9341-300x225.jpg 300w, http:\/\/tomaszbuss.pl\/wp-content\/uploads\/2025\/12\/IMG_9341-768x576.jpg 768w, http:\/\/tomaszbuss.pl\/wp-content\/uploads\/2025\/12\/IMG_9341-1536x1152.jpg 1536w, http:\/\/tomaszbuss.pl\/wp-content\/uploads\/2025\/12\/IMG_9341-2048x1536.jpg 2048w\" sizes=\"(max-width: 767px) 89vw, (max-width: 1000px) 54vw, (max-width: 1071px) 543px, 580px\" \/><\/figure>\n\n\n\n<figure class=\"wp-block-image size-large\"><img decoding=\"async\" loading=\"lazy\" width=\"768\" height=\"1024\" data-id=\"132\"  src=\"http:\/\/tomaszbuss.pl\/wp-content\/uploads\/2025\/12\/IMG_1923-768x1024.jpg\" alt=\"\" class=\"wp-image-132\" srcset=\"http:\/\/tomaszbuss.pl\/wp-content\/uploads\/2025\/12\/IMG_1923-768x1024.jpg 768w, http:\/\/tomaszbuss.pl\/wp-content\/uploads\/2025\/12\/IMG_1923-225x300.jpg 225w, http:\/\/tomaszbuss.pl\/wp-content\/uploads\/2025\/12\/IMG_1923-1152x1536.jpg 1152w, http:\/\/tomaszbuss.pl\/wp-content\/uploads\/2025\/12\/IMG_1923.jpg 1200w\" sizes=\"(max-width: 767px) 89vw, (max-width: 1000px) 54vw, (max-width: 1071px) 543px, 580px\" \/><\/figure>\n\n\n\n<figure class=\"wp-block-image size-large\"><img decoding=\"async\" loading=\"lazy\" width=\"768\" height=\"1024\" data-id=\"133\"  src=\"http:\/\/tomaszbuss.pl\/wp-content\/uploads\/2025\/12\/IMG_9337-768x1024.jpg\" alt=\"\" class=\"wp-image-133\" srcset=\"http:\/\/tomaszbuss.pl\/wp-content\/uploads\/2025\/12\/IMG_9337-768x1024.jpg 768w, http:\/\/tomaszbuss.pl\/wp-content\/uploads\/2025\/12\/IMG_9337-225x300.jpg 225w, http:\/\/tomaszbuss.pl\/wp-content\/uploads\/2025\/12\/IMG_9337-1152x1536.jpg 1152w, http:\/\/tomaszbuss.pl\/wp-content\/uploads\/2025\/12\/IMG_9337.jpg 1200w\" sizes=\"(max-width: 767px) 89vw, (max-width: 1000px) 54vw, (max-width: 1071px) 543px, 580px\" \/><\/figure>\n\n\n\n<figure class=\"wp-block-image size-large\"><img decoding=\"async\" loading=\"lazy\" width=\"768\" height=\"1024\" data-id=\"135\"  src=\"http:\/\/tomaszbuss.pl\/wp-content\/uploads\/2025\/12\/IMG_9349-768x1024.jpg\" alt=\"\" class=\"wp-image-135\" srcset=\"http:\/\/tomaszbuss.pl\/wp-content\/uploads\/2025\/12\/IMG_9349-768x1024.jpg 768w, http:\/\/tomaszbuss.pl\/wp-content\/uploads\/2025\/12\/IMG_9349-225x300.jpg 225w, http:\/\/tomaszbuss.pl\/wp-content\/uploads\/2025\/12\/IMG_9349-1152x1536.jpg 1152w, http:\/\/tomaszbuss.pl\/wp-content\/uploads\/2025\/12\/IMG_9349.jpg 1200w\" sizes=\"(max-width: 767px) 89vw, (max-width: 1000px) 54vw, (max-width: 1071px) 543px, 580px\" \/><\/figure>\n\n\n\n<figure class=\"wp-block-image size-large\"><img decoding=\"async\" loading=\"lazy\" width=\"768\" height=\"1024\" data-id=\"136\"  src=\"http:\/\/tomaszbuss.pl\/wp-content\/uploads\/2025\/12\/IMG_9351-768x1024.jpg\" alt=\"\" class=\"wp-image-136\" srcset=\"http:\/\/tomaszbuss.pl\/wp-content\/uploads\/2025\/12\/IMG_9351-768x1024.jpg 768w, http:\/\/tomaszbuss.pl\/wp-content\/uploads\/2025\/12\/IMG_9351-225x300.jpg 225w, http:\/\/tomaszbuss.pl\/wp-content\/uploads\/2025\/12\/IMG_9351-1152x1536.jpg 1152w, http:\/\/tomaszbuss.pl\/wp-content\/uploads\/2025\/12\/IMG_9351.jpg 1200w\" sizes=\"(max-width: 767px) 89vw, (max-width: 1000px) 54vw, (max-width: 1071px) 543px, 580px\" \/><\/figure>\n\n\n\n<figure class=\"wp-block-image size-large\"><img decoding=\"async\" loading=\"lazy\" width=\"768\" height=\"1024\" data-id=\"137\"  src=\"http:\/\/tomaszbuss.pl\/wp-content\/uploads\/2025\/12\/IMG_9356-768x1024.jpg\" alt=\"\" class=\"wp-image-137\" srcset=\"http:\/\/tomaszbuss.pl\/wp-content\/uploads\/2025\/12\/IMG_9356-768x1024.jpg 768w, http:\/\/tomaszbuss.pl\/wp-content\/uploads\/2025\/12\/IMG_9356-225x300.jpg 225w, http:\/\/tomaszbuss.pl\/wp-content\/uploads\/2025\/12\/IMG_9356-1152x1536.jpg 1152w, http:\/\/tomaszbuss.pl\/wp-content\/uploads\/2025\/12\/IMG_9356.jpg 1200w\" sizes=\"(max-width: 767px) 89vw, (max-width: 1000px) 54vw, (max-width: 1071px) 543px, 580px\" \/><\/figure>\n<\/figure>\n","protected":false},"excerpt":{"rendered":"<p>ul. Turzycowa 16\/2, 80-174 Gda\u0144sk wej\u015bcie znajduje si\u0119 bezpo\u015brednio od strony ulicy Turzycowej.<\/p>\n","protected":false},"author":1,"featured_media":0,"parent":0,"menu_order":1,"comment_status":"closed","ping_status":"closed","template":"","meta":[],"_links":{"self":[{"href":"http:\/\/tomaszbuss.pl\/index.php\/wp-json\/wp\/v2\/pages\/9"}],"collection":[{"href":"http:\/\/tomaszbuss.pl\/index.php\/wp-json\/wp\/v2\/pages"}],"about":[{"href":"http:\/\/tomaszbuss.pl\/index.php\/wp-json\/wp\/v2\/types\/page"}],"author":[{"embeddable":true,"href":"http:\/\/tomaszbuss.pl\/index.php\/wp-json\/wp\/v2\/users\/1"}],"replies":[{"embeddable":true,"href":"http:\/\/tomaszbuss.pl\/index.php\/wp-json\/wp\/v2\/comments?post=9"}],"version-history":[{"count":17,"href":"http:\/\/tomaszbuss.pl\/index.php\/wp-json\/wp\/v2\/pages\/9\/revisions"}],"predecessor-version":[{"id":143,"href":"http:\/\/tomaszbuss.pl\/index.php\/wp-json\/wp\/v2\/pages\/9\/revisions\/143"}],"wp:attachment":[{"href":"http:\/\/tomaszbuss.pl\/index.php\/wp-json\/wp\/v2\/media?parent=9"}],"curies":[{"name":"wp","href":"https:\/\/api.w.org\/{rel}","templated":true}]}}